{"id":210,"date":"2022-03-10T14:07:02","date_gmt":"2022-03-10T13:07:02","guid":{"rendered":"https:\/\/test.impulsis.ch\/sgqt\/?page_id=210"},"modified":"2026-03-17T13:28:59","modified_gmt":"2026-03-17T12:28:59","slug":"der-verband","status":"publish","type":"page","link":"https:\/\/www.asqt.ch\/fr\/der-verband\/","title":{"rendered":"L\u2019association"},"content":{"rendered":"<h1 class=\"wp-block-heading\">L\u2019association se pr\u00e9sente<\/h1>\n\n\n\n<figure class=\"wp-block-image size-full\"><img loading=\"lazy\" decoding=\"async\" width=\"2560\" height=\"1627\" src=\"https:\/\/sgqt.ch\/wp-content\/uploads\/2022\/03\/derverband@2x-scaled.jpg\" alt=\"\" class=\"wp-image-233\" srcset=\"https:\/\/www.asqt.ch\/wp-content\/uploads\/2022\/03\/derverband@2x-scaled.jpg 2560w, https:\/\/www.asqt.ch\/wp-content\/uploads\/2022\/03\/derverband@2x-scaled-300x191.jpg 300w, https:\/\/www.asqt.ch\/wp-content\/uploads\/2022\/03\/derverband@2x-scaled-1024x651.jpg 1024w, https:\/\/www.asqt.ch\/wp-content\/uploads\/2022\/03\/derverband@2x-scaled-1536x976.jpg 1536w, https:\/\/www.asqt.ch\/wp-content\/uploads\/2022\/03\/derverband@2x-scaled-2048x1302.jpg 2048w, https:\/\/www.asqt.ch\/wp-content\/uploads\/2022\/03\/derverband@2x-scaled-18x12.jpg 18w, https:\/\/www.asqt.ch\/wp-content\/uploads\/2022\/03\/derverband@2x-scaled-300x191@2x.jpg 600w, https:\/\/www.asqt.ch\/wp-content\/uploads\/2022\/03\/derverband@2x-scaled-18x12@2x.jpg 36w\" sizes=\"auto, (max-width: 2560px) 100vw, 2560px\" \/><figcaption class=\"wp-element-caption\">L\u2019Association Suisse pour le Qigong et Taijiquan ASQT a \u00e9t\u00e9 fond\u00e9e en 2000 en tant qu\u2019association professionnelle pour les enseignants de Qigong et de Taijiquan en Suisse. Elle assume les t\u00e2ches suivantes dans trois domaines cl\u00e9s: \u00ab\u00e9changes\u00bb, \u00abpromotion de la qualit\u00e9\u00bb et \u00abrelations publiques\u00bb:<\/figcaption><\/figure>\n\n\n\n<div class=\"wp-block-columns is-layout-flex wp-container-core-columns-is-layout-9d6595d7 wp-block-columns-is-layout-flex\">\n<div class=\"wp-block-column is-layout-flow wp-block-column-is-layout-flow\">\n<p><mark style=\"background-color:rgba(0, 0, 0, 0)\" class=\"has-inline-color has-heading-text-color\">\u00c9changes<\/mark><br>En tant que r\u00e9seau des enseignants professionnels de Qigong et de Taijiquan en Suisse, l\u2019ASQT encourage les \u00e9changes professionnels entre ses membres.<\/p>\n\n\n\n<p>L\u2019ASQT informe ses membres des actualit\u00e9s concernant la politique professionnelle de l\u2019enseignement du Qigong et du Taijiquan.<\/p>\n\n\n\n<p>L\u2019ASQT maintient un contact et promeut les \u00e9changes avec des associations professionnelles de Qigong et de Taiji des pays voisins.<\/p>\n\n\n\n<p><mark style=\"background-color:rgba(0, 0, 0, 0)\" class=\"has-inline-color has-heading-text-color\">Promotion de la qualit\u00e9<\/mark><br>L\u2019ASQT s\u2019engage \u00e0 promouvoir un standard professionnel \u00e9lev\u00e9 en termes de qualit\u00e9 et d\u2019\u00e9thique.<\/p>\n\n\n\n<p>L\u2019ASQT exige et encourage la formation continue de ses membres.<\/p>\n\n\n\n<p>L\u2019ASQT s\u2019engage pour la reconnaissance de ses membres aupr\u00e8s des caisses d\u2019assurance maladie.<\/p>\n<\/div>\n\n\n\n<div class=\"wp-block-column is-layout-flow wp-block-column-is-layout-flow\">\n<p><mark style=\"background-color:rgba(0, 0, 0, 0)\" class=\"has-inline-color has-heading-text-color\">Relations publiques<\/mark><br>L\u2019ASQT promeut le Qigong et le Taijiquan par le biais de diff\u00e9rents canaux m\u00e9diatiques.<\/p>\n\n\n\n<p>En tant qu\u2019association professionnelle, l\u2019ASQT d\u00e9fend les int\u00e9r\u00eats de ses membres aupr\u00e8s des autorit\u00e9s publiques et des institutions du secteur de la sant\u00e9.<\/p>\n\n\n\n<p>L\u2019ASQT encourage l\u2019organisation d\u2019\u00e9v\u00e9nements impliquant le Qigong et le Taijiquan dans l\u2019espace public.<\/p>\n\n\n\n<p>L\u2019ASQT promeut la pr\u00e9sence de ses membres sur Internet et leurs offres d\u2019enseignement via le site Internet de l\u2019association.<\/p>\n\n\n\n<p class=\"translation-block\">D\u2019autres informations d\u00e9taill\u00e9es sont disponibles dans les <a href=\"https:\/\/sgqt.ch\/wp-content\/uploads\/2026\/03\/Statuts-ASQT-2026.pdf\" data-id=\"366\" target=\"_self\">statuts<\/a> de l\u2019ASQT.<\/p>\n<\/div>\n<\/div>\n\n\n\n<h2 class=\"wp-block-heading\">Comit\u00e9 de l\u2019ASQT<\/h2>\n\n\n<div id=\"team-block_2eb660fed32b8475300f348ee7347fbb\" class=\"team\">\n\t\t\t<div class=\"person\">\n\t\t\t<img loading=\"lazy\" decoding=\"async\" width=\"320\" height=\"320\" src=\"https:\/\/www.asqt.ch\/wp-content\/uploads\/2022\/07\/Beatrice_320x320px.jpg\" class=\"attachment-high size-high wp-post-image\" alt=\"\" srcset=\"https:\/\/www.asqt.ch\/wp-content\/uploads\/2022\/07\/Beatrice_320x320px.jpg 320w, https:\/\/www.asqt.ch\/wp-content\/uploads\/2022\/07\/Beatrice_320x320px-150x150@2x.jpg 300w, https:\/\/www.asqt.ch\/wp-content\/uploads\/2022\/07\/Beatrice_320x320px-150x150.jpg 150w, https:\/\/www.asqt.ch\/wp-content\/uploads\/2022\/07\/Beatrice_320x320px-12x12.jpg 12w, https:\/\/www.asqt.ch\/wp-content\/uploads\/2022\/07\/Beatrice_320x320px-12x12@2x.jpg 24w\" sizes=\"auto, (max-width: 320px) 100vw, 320px\" \/><br>\t\t\tPr\u00e9sidence<br>\t\t\t<strong>Beatrice Gemperli-Link<\/strong><br>\n\t\t\t071 931 27 62<br>\t\t\t<a href=\"mailto:beatrice.gemperli@sgqt.ch\">beatrice.gemperli@sgqt.ch<\/a>\t\t<\/div>\n\t\t\t<div class=\"person\">\n\t\t\t<img loading=\"lazy\" decoding=\"async\" width=\"320\" height=\"320\" src=\"https:\/\/www.asqt.ch\/wp-content\/uploads\/2022\/07\/Dagmar_320x320px.jpg\" class=\"attachment-high size-high wp-post-image\" alt=\"\" srcset=\"https:\/\/www.asqt.ch\/wp-content\/uploads\/2022\/07\/Dagmar_320x320px.jpg 320w, https:\/\/www.asqt.ch\/wp-content\/uploads\/2022\/07\/Dagmar_320x320px-150x150@2x.jpg 300w, https:\/\/www.asqt.ch\/wp-content\/uploads\/2022\/07\/Dagmar_320x320px-150x150.jpg 150w, https:\/\/www.asqt.ch\/wp-content\/uploads\/2022\/07\/Dagmar_320x320px-12x12.jpg 12w, https:\/\/www.asqt.ch\/wp-content\/uploads\/2022\/07\/Dagmar_320x320px-12x12@2x.jpg 24w\" sizes=\"auto, (max-width: 320px) 100vw, 320px\" \/><br>\t\t\tTr\u00e9sorerie<br>\t\t\t<strong>Dagmar Mohn<\/strong><br>\n\t\t\t052 721 02 68<br>\t\t\t<a href=\"mailto:dagmar.mohn@sgqt.ch\">dagmar.mohn@sgqt.ch<\/a>\t\t<\/div>\n\t\t\t<div class=\"person\">\n\t\t\t<img loading=\"lazy\" decoding=\"async\" width=\"320\" height=\"320\" src=\"https:\/\/www.asqt.ch\/wp-content\/uploads\/2022\/07\/Freddy_320x320px.jpg\" class=\"attachment-high size-high wp-post-image\" alt=\"\" srcset=\"https:\/\/www.asqt.ch\/wp-content\/uploads\/2022\/07\/Freddy_320x320px.jpg 320w, https:\/\/www.asqt.ch\/wp-content\/uploads\/2022\/07\/Freddy_320x320px-150x150@2x.jpg 300w, https:\/\/www.asqt.ch\/wp-content\/uploads\/2022\/07\/Freddy_320x320px-150x150.jpg 150w, https:\/\/www.asqt.ch\/wp-content\/uploads\/2022\/07\/Freddy_320x320px-12x12.jpg 12w, https:\/\/www.asqt.ch\/wp-content\/uploads\/2022\/07\/Freddy_320x320px-12x12@2x.jpg 24w\" sizes=\"auto, (max-width: 320px) 100vw, 320px\" \/><br>\t\t\tResp. de la commission Taijiquan<br>\t\t\t<strong>Fredy Buttauer<\/strong><br>\n\t\t\t079 345 78 17<br>\t\t\t<a href=\"mailto:fredy.buttauer@sgqt.ch\">fredy.buttauer@sgqt.ch<\/a>\t\t<\/div>\n\t\t\t<div class=\"person\">\n\t\t\t<img loading=\"lazy\" decoding=\"async\" width=\"800\" height=\"800\" src=\"https:\/\/www.asqt.ch\/wp-content\/uploads\/2026\/03\/Andreas_Staeger.jpg\" class=\"attachment-high size-high wp-post-image\" alt=\"\" srcset=\"https:\/\/www.asqt.ch\/wp-content\/uploads\/2026\/03\/Andreas_Staeger.jpg 800w, https:\/\/www.asqt.ch\/wp-content\/uploads\/2026\/03\/Andreas_Staeger-150x150@2x.jpg 300w, https:\/\/www.asqt.ch\/wp-content\/uploads\/2026\/03\/Andreas_Staeger-150x150.jpg 150w, https:\/\/www.asqt.ch\/wp-content\/uploads\/2026\/03\/Andreas_Staeger-12x12.jpg 12w, https:\/\/www.asqt.ch\/wp-content\/uploads\/2026\/03\/Andreas_Staeger-300x300@2x.jpg 600w, https:\/\/www.asqt.ch\/wp-content\/uploads\/2026\/03\/Andreas_Staeger-12x12@2x.jpg 24w\" sizes=\"auto, (max-width: 800px) 100vw, 800px\" \/><br>\t\t\tResp. de la commission Qigong<br>\t\t\t<strong>Andreas Staeger<\/strong><br>\n\t\t\t079 472 56 11<br>\t\t\t<a href=\"mailto:andreas.staeger@sgqt.ch\">andreas.staeger@sgqt.ch<\/a>\t\t<\/div>\n\t<\/div>\n\n\n\n<p><\/p>\n\n\n\n<h2 class=\"wp-block-heading\">Membres consultatifs de l'ASQT<\/h2>\n\n\n<div id=\"team-block_2e2f5ade3190ccc6410e7f9a2f249e3e\" class=\"team\">\n\t\t\t<div class=\"person\">\n\t\t\t<img loading=\"lazy\" decoding=\"async\" width=\"968\" height=\"966\" src=\"https:\/\/www.asqt.ch\/wp-content\/uploads\/2023\/06\/mnedeljkovic.jpg\" class=\"attachment-high size-high wp-post-image\" alt=\"\" srcset=\"https:\/\/www.asqt.ch\/wp-content\/uploads\/2023\/06\/mnedeljkovic.jpg 968w, https:\/\/www.asqt.ch\/wp-content\/uploads\/2023\/06\/mnedeljkovic-150x150@2x.jpg 300w, https:\/\/www.asqt.ch\/wp-content\/uploads\/2023\/06\/mnedeljkovic-150x150.jpg 150w, https:\/\/www.asqt.ch\/wp-content\/uploads\/2023\/06\/mnedeljkovic-12x12.jpg 12w, https:\/\/www.asqt.ch\/wp-content\/uploads\/2023\/06\/mnedeljkovic-300x300@2x.jpg 600w, https:\/\/www.asqt.ch\/wp-content\/uploads\/2023\/06\/mnedeljkovic-12x12@2x.jpg 24w\" sizes=\"auto, (max-width: 968px) 100vw, 968px\" \/><br>\t\t\tMembre de la commission Taijiquan<br>\t\t\t<strong>Dr. phil. Marko Nedeljkovic<\/strong><br>\n\t\t\t\t\t\t\t\t<\/div>\n\t\t\t<div class=\"person\">\n\t\t\t<img loading=\"lazy\" decoding=\"async\" width=\"725\" height=\"967\" src=\"https:\/\/www.asqt.ch\/wp-content\/uploads\/2026\/03\/Qi-Wang-im-Gruenen.jpg\" class=\"attachment-high size-high wp-post-image\" alt=\"\" srcset=\"https:\/\/www.asqt.ch\/wp-content\/uploads\/2026\/03\/Qi-Wang-im-Gruenen.jpg 725w, https:\/\/www.asqt.ch\/wp-content\/uploads\/2026\/03\/Qi-Wang-im-Gruenen-225x300.jpg 225w, https:\/\/www.asqt.ch\/wp-content\/uploads\/2026\/03\/Qi-Wang-im-Gruenen-9x12.jpg 9w, https:\/\/www.asqt.ch\/wp-content\/uploads\/2026\/03\/Qi-Wang-im-Gruenen-225x300@2x.jpg 450w, https:\/\/www.asqt.ch\/wp-content\/uploads\/2026\/03\/Qi-Wang-im-Gruenen-9x12@2x.jpg 18w\" sizes=\"auto, (max-width: 725px) 100vw, 725px\" \/><br>\t\t\tConseill\u00e8re scientifique<br>\t\t\t<strong>Dr. med. Qi Wang<\/strong><br>\n\t\t\t\t\t\t\t\t<\/div>\n\t<\/div>\n\n\n\n<p><\/p>\n\n\n\n<h2 class=\"wp-block-heading\">Secr\u00e9tariat de l\u2019ASQT<\/h2>\n\n\n<div id=\"team-block_e3e9971a5433f05e06bcf81a82c5fdda\" class=\"team\">\n\t\t\t<div class=\"person\">\n\t\t\t<img loading=\"lazy\" decoding=\"async\" width=\"320\" height=\"320\" src=\"https:\/\/www.asqt.ch\/wp-content\/uploads\/2022\/07\/Sonja_320x320px.jpg\" class=\"attachment-high size-high wp-post-image\" alt=\"\" srcset=\"https:\/\/www.asqt.ch\/wp-content\/uploads\/2022\/07\/Sonja_320x320px.jpg 320w, https:\/\/www.asqt.ch\/wp-content\/uploads\/2022\/07\/Sonja_320x320px-150x150@2x.jpg 300w, https:\/\/www.asqt.ch\/wp-content\/uploads\/2022\/07\/Sonja_320x320px-150x150.jpg 150w, https:\/\/www.asqt.ch\/wp-content\/uploads\/2022\/07\/Sonja_320x320px-12x12.jpg 12w, https:\/\/www.asqt.ch\/wp-content\/uploads\/2022\/07\/Sonja_320x320px-12x12@2x.jpg 24w\" sizes=\"auto, (max-width: 320px) 100vw, 320px\" \/><br>\t\t\t\t\t\t<strong>Sonja Merz<\/strong><br>\n\t\t\t056 424 09 81<br>\t\t\t<a href=\"mailto:info@sgqt.ch\">info@sgqt.ch<\/a>\t\t<\/div>\n\t<\/div>\n\n\n\n<p><\/p>\n\n\n\n<h2 class=\"wp-block-heading\">Logo<\/h2>\n\n\n\n<p>Le logo de l'ASQT est constitu\u00e9 du caract\u00e8re chinois \u6613 (Yi), qui signifie \u00ab changement \u00bb ou \u00ab transformation \u00bb.<br>Ce changement fait r\u00e9f\u00e9rence aux interactions entre le Yin et le Yang (cf. \u6613\u7ecf Yijing, le Livre des Mutations), que l'on retrouve dans les mouvements du qigong ou du taijiquan et dont l'\u00e9quilibre relatif constitue l'objectif tant mental que physique de la pratique.<\/p>","protected":false},"excerpt":{"rendered":"<p>Der Verband stellt sich vor AustauschDie SGQT bildet ein Netzwerk von professionell t\u00e4tigen Qigong- und Taijiquan-Unterrichtenden, in welchem ein Fachaustausch &#8230; <br \/><a class=\"read-more\" href=\"https:\/\/www.asqt.ch\/fr\/der-verband\/\">Read More<\/a><\/p>","protected":false},"author":1,"featured_media":323,"parent":0,"menu_order":10,"comment_status":"closed","ping_status":"closed","template":"","meta":{"_acf_changed":false,"footnotes":""},"class_list":["post-210","page","type-page","status-publish","has-post-thumbnail","hentry"],"acf":[],"yoast_head":"<!-- This site is optimized with the Yoast SEO plugin v27.4 - https:\/\/yoast.com\/product\/yoast-seo-wordpress\/ -->\n<title>Der Verband | SGQT<\/title>\n<meta name=\"robots\" content=\"index, follow, max-snippet:-1, max-image-preview:large, max-video-preview:-1\" \/>\n<link rel=\"canonical\" href=\"https:\/\/www.sgqt.ch\/fr\/der-verband\/\" \/>\n<meta property=\"og:locale\" content=\"fr_FR\" \/>\n<meta property=\"og:type\" content=\"article\" \/>\n<meta property=\"og:title\" content=\"Der Verband | SGQT\" \/>\n<meta property=\"og:description\" content=\"Der Verband stellt sich vor AustauschDie SGQT bildet ein Netzwerk von professionell t\u00e4tigen Qigong- und Taijiquan-Unterrichtenden, in welchem ein Fachaustausch ... Read More\" \/>\n<meta property=\"og:url\" content=\"https:\/\/www.sgqt.ch\/fr\/der-verband\/\" \/>\n<meta property=\"og:site_name\" content=\"SGQT\" \/>\n<meta property=\"article:modified_time\" content=\"2026-03-17T12:28:59+00:00\" \/>\n<meta property=\"og:image\" content=\"https:\/\/www.sgqt.ch\/wp-content\/uploads\/2022\/03\/sgqt_derverband_klein@2x.jpg\" \/>\n\t<meta property=\"og:image:width\" content=\"800\" \/>\n\t<meta property=\"og:image:height\" content=\"520\" \/>\n\t<meta property=\"og:image:type\" content=\"image\/jpeg\" \/>\n<meta name=\"twitter:card\" content=\"summary_large_image\" \/>\n<meta name=\"twitter:label1\" content=\"Est. reading time\" \/>\n\t<meta name=\"twitter:data1\" content=\"2 minutes\" \/>\n<script type=\"application\/ld+json\" class=\"yoast-schema-graph\">{\"@context\":\"https:\\\/\\\/schema.org\",\"@graph\":[{\"@type\":\"WebPage\",\"@id\":\"https:\\\/\\\/www.sgqt.ch\\\/fr\\\/der-verband\\\/\",\"url\":\"https:\\\/\\\/www.sgqt.ch\\\/fr\\\/der-verband\\\/\",\"name\":\"Der Verband | SGQT\",\"isPartOf\":{\"@id\":\"https:\\\/\\\/mail.sgqt.ch\\\/fr\\\/#website\"},\"primaryImageOfPage\":{\"@id\":\"https:\\\/\\\/www.sgqt.ch\\\/fr\\\/der-verband\\\/#primaryimage\"},\"image\":{\"@id\":\"https:\\\/\\\/www.sgqt.ch\\\/fr\\\/der-verband\\\/#primaryimage\"},\"thumbnailUrl\":\"https:\\\/\\\/www.asqt.ch\\\/wp-content\\\/uploads\\\/2022\\\/03\\\/sgqt_derverband_klein@2x.jpg\",\"datePublished\":\"2022-03-10T13:07:02+00:00\",\"dateModified\":\"2026-03-17T12:28:59+00:00\",\"breadcrumb\":{\"@id\":\"https:\\\/\\\/www.sgqt.ch\\\/fr\\\/der-verband\\\/#breadcrumb\"},\"inLanguage\":\"fr-FR\",\"potentialAction\":[{\"@type\":\"ReadAction\",\"target\":[\"https:\\\/\\\/www.sgqt.ch\\\/fr\\\/der-verband\\\/\"]}]},{\"@type\":\"ImageObject\",\"inLanguage\":\"fr-FR\",\"@id\":\"https:\\\/\\\/www.sgqt.ch\\\/fr\\\/der-verband\\\/#primaryimage\",\"url\":\"https:\\\/\\\/www.asqt.ch\\\/wp-content\\\/uploads\\\/2022\\\/03\\\/sgqt_derverband_klein@2x.jpg\",\"contentUrl\":\"https:\\\/\\\/www.asqt.ch\\\/wp-content\\\/uploads\\\/2022\\\/03\\\/sgqt_derverband_klein@2x.jpg\",\"width\":800,\"height\":520},{\"@type\":\"BreadcrumbList\",\"@id\":\"https:\\\/\\\/www.sgqt.ch\\\/fr\\\/der-verband\\\/#breadcrumb\",\"itemListElement\":[{\"@type\":\"ListItem\",\"position\":1,\"name\":\"Startseite\",\"item\":\"https:\\\/\\\/mail.sgqt.ch\\\/fr\\\/\"},{\"@type\":\"ListItem\",\"position\":2,\"name\":\"Der Verband\"}]},{\"@type\":\"WebSite\",\"@id\":\"https:\\\/\\\/mail.sgqt.ch\\\/fr\\\/#website\",\"url\":\"https:\\\/\\\/mail.sgqt.ch\\\/fr\\\/\",\"name\":\"SGQT\",\"description\":\"\",\"potentialAction\":[{\"@type\":\"SearchAction\",\"target\":{\"@type\":\"EntryPoint\",\"urlTemplate\":\"https:\\\/\\\/mail.sgqt.ch\\\/fr\\\/?s={search_term_string}\"},\"query-input\":{\"@type\":\"PropertyValueSpecification\",\"valueRequired\":true,\"valueName\":\"search_term_string\"}}],\"inLanguage\":\"fr-FR\"}]}<\/script>\n<!-- \/ Yoast SEO plugin. -->","yoast_head_json":{"title":"Der Verband | SGQT","robots":{"index":"index","follow":"follow","max-snippet":"max-snippet:-1","max-image-preview":"max-image-preview:large","max-video-preview":"max-video-preview:-1"},"canonical":"https:\/\/www.sgqt.ch\/fr\/der-verband\/","og_locale":"fr_FR","og_type":"article","og_title":"Der Verband | SGQT","og_description":"Der Verband stellt sich vor AustauschDie SGQT bildet ein Netzwerk von professionell t\u00e4tigen Qigong- und Taijiquan-Unterrichtenden, in welchem ein Fachaustausch ... Read More","og_url":"https:\/\/www.sgqt.ch\/fr\/der-verband\/","og_site_name":"SGQT","article_modified_time":"2026-03-17T12:28:59+00:00","og_image":[{"width":800,"height":520,"url":"https:\/\/www.sgqt.ch\/wp-content\/uploads\/2022\/03\/sgqt_derverband_klein@2x.jpg","type":"image\/jpeg"}],"twitter_card":"summary_large_image","twitter_misc":{"Est. reading time":"2 minutes"},"schema":{"@context":"https:\/\/schema.org","@graph":[{"@type":"WebPage","@id":"https:\/\/www.sgqt.ch\/fr\/der-verband\/","url":"https:\/\/www.sgqt.ch\/fr\/der-verband\/","name":"Der Verband | SGQT","isPartOf":{"@id":"https:\/\/mail.sgqt.ch\/fr\/#website"},"primaryImageOfPage":{"@id":"https:\/\/www.sgqt.ch\/fr\/der-verband\/#primaryimage"},"image":{"@id":"https:\/\/www.sgqt.ch\/fr\/der-verband\/#primaryimage"},"thumbnailUrl":"https:\/\/www.asqt.ch\/wp-content\/uploads\/2022\/03\/sgqt_derverband_klein@2x.jpg","datePublished":"2022-03-10T13:07:02+00:00","dateModified":"2026-03-17T12:28:59+00:00","breadcrumb":{"@id":"https:\/\/www.sgqt.ch\/fr\/der-verband\/#breadcrumb"},"inLanguage":"fr-FR","potentialAction":[{"@type":"ReadAction","target":["https:\/\/www.sgqt.ch\/fr\/der-verband\/"]}]},{"@type":"ImageObject","inLanguage":"fr-FR","@id":"https:\/\/www.sgqt.ch\/fr\/der-verband\/#primaryimage","url":"https:\/\/www.asqt.ch\/wp-content\/uploads\/2022\/03\/sgqt_derverband_klein@2x.jpg","contentUrl":"https:\/\/www.asqt.ch\/wp-content\/uploads\/2022\/03\/sgqt_derverband_klein@2x.jpg","width":800,"height":520},{"@type":"BreadcrumbList","@id":"https:\/\/www.sgqt.ch\/fr\/der-verband\/#breadcrumb","itemListElement":[{"@type":"ListItem","position":1,"name":"Startseite","item":"https:\/\/mail.sgqt.ch\/fr\/"},{"@type":"ListItem","position":2,"name":"Der Verband"}]},{"@type":"WebSite","@id":"https:\/\/mail.sgqt.ch\/fr\/#website","url":"https:\/\/mail.sgqt.ch\/fr\/","name":"ASQT","description":"","potentialAction":[{"@type":"SearchAction","target":{"@type":"EntryPoint","urlTemplate":"https:\/\/mail.sgqt.ch\/fr\/?s={search_term_string}"},"query-input":{"@type":"PropertyValueSpecification","valueRequired":true,"valueName":"search_term_string"}}],"inLanguage":"fr-FR"}]}},"_links":{"self":[{"href":"https:\/\/www.asqt.ch\/fr\/wp-json\/wp\/v2\/pages\/210","targetHints":{"allow":["GET"]}}],"collection":[{"href":"https:\/\/www.asqt.ch\/fr\/wp-json\/wp\/v2\/pages"}],"about":[{"href":"https:\/\/www.asqt.ch\/fr\/wp-json\/wp\/v2\/types\/page"}],"author":[{"embeddable":true,"href":"https:\/\/www.asqt.ch\/fr\/wp-json\/wp\/v2\/users\/1"}],"replies":[{"embeddable":true,"href":"https:\/\/www.asqt.ch\/fr\/wp-json\/wp\/v2\/comments?post=210"}],"version-history":[{"count":48,"href":"https:\/\/www.asqt.ch\/fr\/wp-json\/wp\/v2\/pages\/210\/revisions"}],"predecessor-version":[{"id":2102,"href":"https:\/\/www.asqt.ch\/fr\/wp-json\/wp\/v2\/pages\/210\/revisions\/2102"}],"wp:featuredmedia":[{"embeddable":true,"href":"https:\/\/www.asqt.ch\/fr\/wp-json\/wp\/v2\/media\/323"}],"wp:attachment":[{"href":"https:\/\/www.asqt.ch\/fr\/wp-json\/wp\/v2\/media?parent=210"}],"curies":[{"name":"wp","href":"https:\/\/api.w.org\/{rel}","templated":true}]}}