{"id":214,"date":"2022-03-10T14:08:37","date_gmt":"2022-03-10T13:08:37","guid":{"rendered":"https:\/\/test.impulsis.ch\/sgqt\/?page_id=214"},"modified":"2026-03-25T08:17:18","modified_gmt":"2026-03-25T07:17:18","slug":"mitglied-werden","status":"publish","type":"page","link":"https:\/\/www.asqt.ch\/fr\/mitglied-werden\/","title":{"rendered":"Devenir membre"},"content":{"rendered":"<h1 class=\"wp-block-heading\">Adh\u00e9sion \u00e0 l\u2019ASQT<\/h1>\n\n\n\n<figure class=\"wp-block-image size-full\"><img decoding=\"async\" src=\"https:\/\/sgqt.ch\/wp-content\/uploads\/2022\/03\/mitgliedwerden_gross@2x.jpg\" alt=\"\" class=\"wp-image-282\"\/><figcaption class=\"wp-element-caption\">L\u2019Association Suisse pour le Qigong et le Taijiquan (SGQT ASQT) a pour but de garantir et de promouvoir un haut niveau d\u2019enseignement et une transmission \u00e9thique de ces deux arts en Suisse. L\u2019affiliation \u00e0 l\u2019ASQT se divise en deux cat\u00e9gories :<\/figcaption><\/figure>\n\n\n\n<div class=\"wp-block-columns is-layout-flex wp-container-core-columns-is-layout-9d6595d7 wp-block-columns-is-layout-flex\">\n<div class=\"wp-block-column is-layout-flow wp-block-column-is-layout-flow\">\n<p><mark style=\"background-color:rgba(0, 0, 0, 0)\" class=\"has-inline-color has-heading-text-color\">Membres actifs<\/mark><\/p>\n\n\n\n<p>L\u2019admission en tant que membre actif de l\u2019ASQT est ouverte aux personnes de toutes les \u00e9coles et formations qui enseignent le Qigong et\/ou le Taijiquan en accord avec les lignes directrices \u00e9thiques et les&nbsp;<a href=\"https:\/\/sgqt.ch\/wp-content\/uploads\/2026\/03\/Statuts-ASQT-2026.pdf\" target=\"_blank\" rel=\"noreferrer noopener\">Statuts<\/a>&nbsp;de l'ASQT, ainsi que suivre le&nbsp;<a href=\"https:\/\/sgqt.ch\/wp-content\/uploads\/2024\/02\/Guide-contact-corporel-2023.pdf\">guide sur le contact corporel<\/a>&nbsp;, et qui remplissent de mani\u00e8re av\u00e9r\u00e9e les crit\u00e8res d'adh\u00e9sion. Les&nbsp;<a href=\"https:\/\/sgqt.ch\/wp-content\/uploads\/2026\/02\/Criteres-dadmission-ASQT-2026.pdf\" type=\"attachment\" id=\"1973\" target=\"_blank\" rel=\"noreferrer noopener\">crit\u00e8res d\u2019admission<\/a>&nbsp;peuvent \u00eatre remplis par le biais d\u2019une formation agr\u00e9e par l\u2019ASQT ou par un parcours individuel.<\/p>\n\n\n\n<p>Afin de tenir compte des diff\u00e9rents niveaux de formation, l\u2019ASQT a d\u00e9fini trois niveaux de qualification pour les membres actifs : Instructeur, instructrice* Enseignant, enseignante* et Formateur, formatrice*. Une description d\u00e9taill\u00e9e des diff\u00e9rents niveaux de qualification et de leurs crit\u00e8res d\u2019\u00e9valuation est disponible dans les crit\u00e8res d'admission.<\/p>\n\n\n\n<p>Conform\u00e9ment \u00e0 la directive sur la formation continue, les membres actifs s\u2019engagent \u00e0 suivre une formation continue r\u00e9guli\u00e8re avec une <a href=\"https:\/\/sgqt.ch\/wp-content\/uploads\/2024\/02\/Directive-sur-la-formation-continue-ASQT-2023.pdf\" target=\"_blank\" rel=\"noreferrer noopener\">attestation de formation<\/a> continue de 25 heures tous les deux ans.<\/p>\n\n\n\n<p>Apr\u00e8s le droit d'entr\u00e9e unique de 30 CHF, la cotisation annuelle des membres actifs s'\u00e9l\u00e8ve \u00e0 170 CHF.<\/p>\n\n\n\n<p>Une demande d\u2019adh\u00e9sion active \u00e0 l\u2019ASQT peut \u00eatre faite au moyen du formulaire de <a href=\"https:\/\/sgqt.ch\/wp-content\/uploads\/dokumente\/Formulaire-dinscription-ASQT.docx\">formulaire de demande d\u2019adh\u00e9sion<\/a> d\u00fbment rempli, accompagn\u00e9 de tous les justificatifs correspondants. Les documents doivent \u00eatre envoy\u00e9s sous forme \u00e9lectronique au secr\u00e9tariat de l\u2019association \u00e0 l'adresse suivante: <a href=\"mailto:info@sgqt.ch\">info@sgqt.ch<\/a> .<\/p>\n<\/div>\n\n\n\n<div class=\"wp-block-column is-layout-flow wp-block-column-is-layout-flow\">\n<p><mark style=\"background-color:rgba(0, 0, 0, 0)\" class=\"has-inline-color has-heading-text-color\">Membres passifs<\/mark><br>Les membres passifs sont des personnes physiques qui s\u2019int\u00e9ressent \u00e0 l'\u00e9change d\u2019informations et au contact avec des personnes partageant les m\u00eames id\u00e9es dans le domaine du Qigong et du Taijiquan et qui souhaitent soutenir le travail de l\u2019ASQT.<\/p>\n\n\n\n<p>Les personnes qui sont encore en cours de formation de Qigong ou de Taijiquan peuvent devenir membres passifs. Une fois la formation termin\u00e9e, il est possible de devenir membre actif de l\u2019ASQT conform\u00e9ment aux crit\u00e8res d'admission.<\/p>\n\n\n\n<p>Les membres passifs peuvent participer aux assembl\u00e9es g\u00e9n\u00e9rales de l\u2019ASQT. Ils n\u2019ont cependant pas le droit de vote et d\u2019\u00e9ligibilit\u00e9.<\/p>\n\n\n\n<p>Pour les membres passifs, la cotisation annuelle s\u2019\u00e9l\u00e8ve \u00e0 50 CHF.<\/p>\n\n\n\n<p class=\"translation-block\">Une adh\u00e9sion passive \u00e0 l\u2019ASQT peut \u00eatre demand\u00e9e au moyen du formulaire de demande d\u2019adh\u00e9sion d\u00fbment rempli. Les documents doivent \u00eatre envoy\u00e9s sous forme \u00e9lectronique au secr\u00e9tariat de l\u2019association sous <a href=\"mailto:info@sgqt.ch\" target=\"_self\">info@sgqt.ch<\/a> .<\/p>\n\n\n\n<p>Les avantages d\u2019une adh\u00e9sion passive sont de pouvoir participer \u00e0 toutes les manifestations de l\u2019ASQT en tant que membre du r\u00e9seau. Ils b\u00e9n\u00e9ficient de conditions de participation r\u00e9duites lors des \u00e9v\u00e9nements de formation continue. Ils re\u00e7oivent les informations de la f\u00e9d\u00e9ration sur les actualit\u00e9s du Qigong et du Taijiquan. De plus, ils peuvent s\u2019abonner \u00e0 la revue sp\u00e9cialis\u00e9e \"Taiji &amp; Qigong Journal\" avec une r\u00e9duction de 15 %.<\/p>\n<\/div>\n<\/div>\n\n\n<div id=\"blocktext-block_fa025a7a6c329b5f2199858f049f1764\" class=\"blocktext\">\n\t\t\n\n<p><strong>Avantages de l'adh\u00e9sion en tant que membre actif<br><\/strong>Les membres actifs de l\u2019ASQT font partie d\u2019un r\u00e9seau de professionnels de l'enseignement du Qigong et du Taijiquan, au sein duquel l\u2019\u00e9change professionnel entre les membres est encourag\u00e9.<\/p>\n\n\n\n<p>Les membres actifs sont autoris\u00e9s \u00e0 utiliser la d\u00e9signation \u00abreconnu par l\u2019ASQT\u00bb en fonction de leur niveau de qualification, par exemple \u00ab Instructrice Qigong reconnue par la SGQT ASQT \u00bb. En outre, ils peuvent utiliser le logo prot\u00e9g\u00e9 des membres de la SGQT ASQT sur leur site Internet ou lors d\u2019annonces de cours et documenter ainsi leur qualit\u00e9 de membre.<\/p>\n\n\n\n<p>Les membres actifs sont invit\u00e9s \u00e0 participer \u00e0 l\u2019assembl\u00e9e g\u00e9n\u00e9rale annuelle et \u00e0 y prendre part.<\/p>\n\n\n\n<p>Les membres actifs sont inform\u00e9s en permanence par l\u2019ASQT de l\u2019actualit\u00e9 de la politique professionnelle et de l\u2019enseignement du Qigong et du Taijiquan, comme par exemple les reconnaissances par les caisses d\u2019assurance maladie et les concepts de protection.<\/p>\n\n\n\n<p>Les membres actifs sont mentionn\u00e9s sur le site Internet de l\u2019ASQT et peuvent y faire de la publicit\u00e9 pour leurs cours et leurs stages.<\/p>\n\n\n\n<p>Les membres actifs b\u00e9n\u00e9ficient de r\u00e9ductions aux frais de participation aux \u00e9v\u00e9nements de formation continue organis\u00e9s par l\u2019ASQT.<\/p>\n\n\n\n<p>Les membres actifs ont la possibilit\u00e9 de conclure une assurance responsabilit\u00e9 civile professionnelle collective \u00e0 un prix avantageux. Des informations \u00e0 ce sujet peuvent \u00eatre obtenues aupr\u00e8s du secr\u00e9tariat de l\u2019association.<\/p>\n\n\n\n<p>Les membres actifs peuvent s\u2019abonner \u00e0 la revue sp\u00e9cialis\u00e9e \u00abTaiji &amp; Qigong Journal\u00bb avec une r\u00e9duction de 15 %.<\/p>\n\n\n<\/div>\n\n\n\n<p><\/p>","protected":false},"excerpt":{"rendered":"<p>Informationen zur SGQT-Mitgliedschaft Aktivmitgliedschaft Die Aufnahme als Aktivmitglied in die SGQT steht Personen aller Schul- und Ausbildungsrichtungen offen, die Qigong &#8230; <br \/><a class=\"read-more\" href=\"https:\/\/www.asqt.ch\/fr\/mitglied-werden\/\">Read More<\/a><\/p>","protected":false},"author":1,"featured_media":325,"parent":0,"menu_order":40,"comment_status":"closed","ping_status":"closed","template":"","meta":{"_acf_changed":false,"footnotes":""},"class_list":["post-214","page","type-page","status-publish","has-post-thumbnail","hentry"],"acf":[],"yoast_head":"<!-- This site is optimized with the Yoast SEO plugin v27.4 - https:\/\/yoast.com\/product\/yoast-seo-wordpress\/ -->\n<title>Mitglied werden | SGQT<\/title>\n<meta name=\"robots\" content=\"index, follow, max-snippet:-1, max-image-preview:large, max-video-preview:-1\" \/>\n<link rel=\"canonical\" href=\"https:\/\/mail.sgqt.ch\/fr\/mitglied-werden\/\" \/>\n<meta property=\"og:locale\" content=\"fr_FR\" \/>\n<meta property=\"og:type\" content=\"article\" \/>\n<meta property=\"og:title\" content=\"Mitglied werden | SGQT\" \/>\n<meta property=\"og:description\" content=\"Informationen zur SGQT-Mitgliedschaft Aktivmitgliedschaft Die Aufnahme als Aktivmitglied in die SGQT steht Personen aller Schul- und Ausbildungsrichtungen offen, die Qigong ... Read More\" \/>\n<meta property=\"og:url\" content=\"https:\/\/mail.sgqt.ch\/fr\/mitglied-werden\/\" \/>\n<meta property=\"og:site_name\" content=\"SGQT\" \/>\n<meta property=\"article:modified_time\" content=\"2026-03-25T07:17:18+00:00\" \/>\n<meta property=\"og:image\" content=\"https:\/\/mail.sgqt.ch\/wp-content\/uploads\/2022\/03\/sgqt_mitgliedwerden_klein@2x.jpg\" \/>\n\t<meta property=\"og:image:width\" content=\"800\" \/>\n\t<meta property=\"og:image:height\" content=\"520\" \/>\n\t<meta property=\"og:image:type\" content=\"image\/jpeg\" \/>\n<meta name=\"twitter:card\" content=\"summary_large_image\" \/>\n<meta name=\"twitter:label1\" content=\"Est. reading time\" \/>\n\t<meta name=\"twitter:data1\" content=\"4 minutes\" \/>\n<script type=\"application\/ld+json\" class=\"yoast-schema-graph\">{\"@context\":\"https:\\\/\\\/schema.org\",\"@graph\":[{\"@type\":\"WebPage\",\"@id\":\"https:\\\/\\\/mail.sgqt.ch\\\/fr\\\/mitglied-werden\\\/\",\"url\":\"https:\\\/\\\/mail.sgqt.ch\\\/fr\\\/mitglied-werden\\\/\",\"name\":\"Mitglied werden | SGQT\",\"isPartOf\":{\"@id\":\"https:\\\/\\\/mail.sgqt.ch\\\/fr\\\/#website\"},\"primaryImageOfPage\":{\"@id\":\"https:\\\/\\\/mail.sgqt.ch\\\/fr\\\/mitglied-werden\\\/#primaryimage\"},\"image\":{\"@id\":\"https:\\\/\\\/mail.sgqt.ch\\\/fr\\\/mitglied-werden\\\/#primaryimage\"},\"thumbnailUrl\":\"https:\\\/\\\/www.asqt.ch\\\/wp-content\\\/uploads\\\/2022\\\/03\\\/sgqt_mitgliedwerden_klein@2x.jpg\",\"datePublished\":\"2022-03-10T13:08:37+00:00\",\"dateModified\":\"2026-03-25T07:17:18+00:00\",\"breadcrumb\":{\"@id\":\"https:\\\/\\\/mail.sgqt.ch\\\/fr\\\/mitglied-werden\\\/#breadcrumb\"},\"inLanguage\":\"fr-FR\",\"potentialAction\":[{\"@type\":\"ReadAction\",\"target\":[\"https:\\\/\\\/mail.sgqt.ch\\\/fr\\\/mitglied-werden\\\/\"]}]},{\"@type\":\"ImageObject\",\"inLanguage\":\"fr-FR\",\"@id\":\"https:\\\/\\\/mail.sgqt.ch\\\/fr\\\/mitglied-werden\\\/#primaryimage\",\"url\":\"https:\\\/\\\/www.asqt.ch\\\/wp-content\\\/uploads\\\/2022\\\/03\\\/sgqt_mitgliedwerden_klein@2x.jpg\",\"contentUrl\":\"https:\\\/\\\/www.asqt.ch\\\/wp-content\\\/uploads\\\/2022\\\/03\\\/sgqt_mitgliedwerden_klein@2x.jpg\",\"width\":800,\"height\":520},{\"@type\":\"BreadcrumbList\",\"@id\":\"https:\\\/\\\/mail.sgqt.ch\\\/fr\\\/mitglied-werden\\\/#breadcrumb\",\"itemListElement\":[{\"@type\":\"ListItem\",\"position\":1,\"name\":\"Startseite\",\"item\":\"https:\\\/\\\/mail.sgqt.ch\\\/fr\\\/\"},{\"@type\":\"ListItem\",\"position\":2,\"name\":\"Mitglied werden\"}]},{\"@type\":\"WebSite\",\"@id\":\"https:\\\/\\\/mail.sgqt.ch\\\/fr\\\/#website\",\"url\":\"https:\\\/\\\/mail.sgqt.ch\\\/fr\\\/\",\"name\":\"SGQT\",\"description\":\"\",\"potentialAction\":[{\"@type\":\"SearchAction\",\"target\":{\"@type\":\"EntryPoint\",\"urlTemplate\":\"https:\\\/\\\/mail.sgqt.ch\\\/fr\\\/?s={search_term_string}\"},\"query-input\":{\"@type\":\"PropertyValueSpecification\",\"valueRequired\":true,\"valueName\":\"search_term_string\"}}],\"inLanguage\":\"fr-FR\"}]}<\/script>\n<!-- \/ Yoast SEO plugin. -->","yoast_head_json":{"title":"Mitglied werden | SGQT","robots":{"index":"index","follow":"follow","max-snippet":"max-snippet:-1","max-image-preview":"max-image-preview:large","max-video-preview":"max-video-preview:-1"},"canonical":"https:\/\/mail.sgqt.ch\/fr\/mitglied-werden\/","og_locale":"fr_FR","og_type":"article","og_title":"Mitglied werden | SGQT","og_description":"Informationen zur SGQT-Mitgliedschaft Aktivmitgliedschaft Die Aufnahme als Aktivmitglied in die SGQT steht Personen aller Schul- und Ausbildungsrichtungen offen, die Qigong ... Read More","og_url":"https:\/\/mail.sgqt.ch\/fr\/mitglied-werden\/","og_site_name":"SGQT","article_modified_time":"2026-03-25T07:17:18+00:00","og_image":[{"width":800,"height":520,"url":"https:\/\/mail.sgqt.ch\/wp-content\/uploads\/2022\/03\/sgqt_mitgliedwerden_klein@2x.jpg","type":"image\/jpeg"}],"twitter_card":"summary_large_image","twitter_misc":{"Est. reading time":"4 minutes"},"schema":{"@context":"https:\/\/schema.org","@graph":[{"@type":"WebPage","@id":"https:\/\/mail.sgqt.ch\/fr\/mitglied-werden\/","url":"https:\/\/mail.sgqt.ch\/fr\/mitglied-werden\/","name":"Mitglied werden | SGQT","isPartOf":{"@id":"https:\/\/mail.sgqt.ch\/fr\/#website"},"primaryImageOfPage":{"@id":"https:\/\/mail.sgqt.ch\/fr\/mitglied-werden\/#primaryimage"},"image":{"@id":"https:\/\/mail.sgqt.ch\/fr\/mitglied-werden\/#primaryimage"},"thumbnailUrl":"https:\/\/www.asqt.ch\/wp-content\/uploads\/2022\/03\/sgqt_mitgliedwerden_klein@2x.jpg","datePublished":"2022-03-10T13:08:37+00:00","dateModified":"2026-03-25T07:17:18+00:00","breadcrumb":{"@id":"https:\/\/mail.sgqt.ch\/fr\/mitglied-werden\/#breadcrumb"},"inLanguage":"fr-FR","potentialAction":[{"@type":"ReadAction","target":["https:\/\/mail.sgqt.ch\/fr\/mitglied-werden\/"]}]},{"@type":"ImageObject","inLanguage":"fr-FR","@id":"https:\/\/mail.sgqt.ch\/fr\/mitglied-werden\/#primaryimage","url":"https:\/\/www.asqt.ch\/wp-content\/uploads\/2022\/03\/sgqt_mitgliedwerden_klein@2x.jpg","contentUrl":"https:\/\/www.asqt.ch\/wp-content\/uploads\/2022\/03\/sgqt_mitgliedwerden_klein@2x.jpg","width":800,"height":520},{"@type":"BreadcrumbList","@id":"https:\/\/mail.sgqt.ch\/fr\/mitglied-werden\/#breadcrumb","itemListElement":[{"@type":"ListItem","position":1,"name":"Startseite","item":"https:\/\/mail.sgqt.ch\/fr\/"},{"@type":"ListItem","position":2,"name":"Mitglied werden"}]},{"@type":"WebSite","@id":"https:\/\/mail.sgqt.ch\/fr\/#website","url":"https:\/\/mail.sgqt.ch\/fr\/","name":"ASQT","description":"","potentialAction":[{"@type":"SearchAction","target":{"@type":"EntryPoint","urlTemplate":"https:\/\/mail.sgqt.ch\/fr\/?s={search_term_string}"},"query-input":{"@type":"PropertyValueSpecification","valueRequired":true,"valueName":"search_term_string"}}],"inLanguage":"fr-FR"}]}},"_links":{"self":[{"href":"https:\/\/www.asqt.ch\/fr\/wp-json\/wp\/v2\/pages\/214","targetHints":{"allow":["GET"]}}],"collection":[{"href":"https:\/\/www.asqt.ch\/fr\/wp-json\/wp\/v2\/pages"}],"about":[{"href":"https:\/\/www.asqt.ch\/fr\/wp-json\/wp\/v2\/types\/page"}],"author":[{"embeddable":true,"href":"https:\/\/www.asqt.ch\/fr\/wp-json\/wp\/v2\/users\/1"}],"replies":[{"embeddable":true,"href":"https:\/\/www.asqt.ch\/fr\/wp-json\/wp\/v2\/comments?post=214"}],"version-history":[{"count":18,"href":"https:\/\/www.asqt.ch\/fr\/wp-json\/wp\/v2\/pages\/214\/revisions"}],"predecessor-version":[{"id":2132,"href":"https:\/\/www.asqt.ch\/fr\/wp-json\/wp\/v2\/pages\/214\/revisions\/2132"}],"wp:featuredmedia":[{"embeddable":true,"href":"https:\/\/www.asqt.ch\/fr\/wp-json\/wp\/v2\/media\/325"}],"wp:attachment":[{"href":"https:\/\/www.asqt.ch\/fr\/wp-json\/wp\/v2\/media?parent=214"}],"curies":[{"name":"wp","href":"https:\/\/api.w.org\/{rel}","templated":true}]}}